{"id":170,"date":"2025-01-08T15:44:18","date_gmt":"2025-01-08T14:44:18","guid":{"rendered":"http:\/\/gladrow.webspeicherdienst.de\/?page_id=170"},"modified":"2025-12-01T10:59:57","modified_gmt":"2025-12-01T09:59:57","slug":"impressum","status":"publish","type":"page","link":"https:\/\/www.gladrow-online.com\/?page_id=170","title":{"rendered":"Impressum"},"content":{"rendered":"\t\t<div data-elementor-type=\"wp-page\" data-elementor-id=\"170\" class=\"elementor elementor-170\">\n\t\t\t\t<div class=\"elementor-element elementor-element-333bde97 e-flex e-con-boxed e-con e-parent\" data-id=\"333bde97\" data-element_type=\"container\" data-e-type=\"container\">\n\t\t\t\t\t<div class=\"e-con-inner\">\n\t\t\t\t<div class=\"elementor-element elementor-element-9340eb1 elementor-widget elementor-widget-spacer\" data-id=\"9340eb1\" data-element_type=\"widget\" data-e-type=\"widget\" data-widget_type=\"spacer.default\">\n\t\t\t\t<div class=\"elementor-widget-container\">\n\t\t\t\t\t\t\t<div class=\"elementor-spacer\">\n\t\t\t<div class=\"elementor-spacer-inner\"><\/div>\n\t\t<\/div>\n\t\t\t\t\t\t<\/div>\n\t\t\t\t<\/div>\n\t\t\t\t<div class=\"elementor-element elementor-element-467ab63 elementor-widget elementor-widget-spacer\" data-id=\"467ab63\" data-element_type=\"widget\" data-e-type=\"widget\" data-widget_type=\"spacer.default\">\n\t\t\t\t<div class=\"elementor-widget-container\">\n\t\t\t\t\t\t\t<div class=\"elementor-spacer\">\n\t\t\t<div class=\"elementor-spacer-inner\"><\/div>\n\t\t<\/div>\n\t\t\t\t\t\t<\/div>\n\t\t\t\t<\/div>\n\t\t\t\t<div class=\"elementor-element elementor-element-7ad567e elementor-widget__width-initial elementor-widget elementor-widget-text-editor\" data-id=\"7ad567e\" data-element_type=\"widget\" data-e-type=\"widget\" data-widget_type=\"text-editor.default\">\n\t\t\t\t<div class=\"elementor-widget-container\">\n\t\t\t\t\t\t\t\t\t<h1>Impressum<\/h1><p><!-- \/wp:heading --><!-- wp:paragraph --><\/p><p><strong>Herausgeber<\/strong><\/p><p><strong>Gladrow GmbH &amp; Co. KG<\/strong><br \/>Z\u00fclowstr. 5b<br \/>15749 Mittenwalde<br \/>Telefon: 033764 799 590<br \/>Telefax: 033764 799 599<br \/>E-Mail: <a href=\"mailto:info@gladrow-online.com\">info@gladrow-online.com<\/a><br \/>Kontakt: <a href=\"http:\/\/gladrow-online.com\/?page_id=185\">Per Kontaktformular<\/a><\/p><p><!-- \/wp:paragraph --><!-- wp:paragraph --><\/p><p>Gladrow GmbH &amp; Co. KG<br \/>Amtsgericht Cottbus HRA 3641<br \/>Steuer-Nr. 49\/154\/02998<br \/>USt.-ID: DE 264 589 264<br \/>\u00d6ko-Kontroll-Nr. DE-\u00d6KO-044<\/p><p><!-- \/wp:paragraph --><!-- wp:paragraph --><\/p><p>Pers\u00f6nlich haftende Gesellschafterin:<br \/>GVG 2 GmbH<br \/>Sitz: Mittenwalde<br \/>Amtsgericht Cottbus HRB 14082<br \/>Gesch\u00e4ftsf\u00fchrer: Falco Gladrow<\/p><p><!-- \/wp:paragraph --><!-- wp:paragraph --><\/p><p><strong>Haftungsausschluss<\/strong><br \/>Der Herausgeber dieser Homepage \u00fcbernimmt keinerlei Gew\u00e4hr f\u00fcr die Aktualit\u00e4t, Korrektheit, Vollst\u00e4ndigkeit oder Qualit\u00e4t der bereitgestellten Informationen. Der Herausgeber beh\u00e4lt es sich ausdr\u00fccklich vor, Teile der Seiten oder das gesamte Angebot ohne gesonderte Ank\u00fcndigung zu ver\u00e4ndern, zu erg\u00e4nzen, zu l\u00f6schen oder die Ver\u00f6ffentlichung zeitweise oder endg\u00fcltig einzustellen. Haftungsanspr\u00fcche gegen den Inhaber, die sich auf Sch\u00e4den materieller oder ideeller Art beziehen, welche durch die Nutzung oder Nichtnutzung der dargebotenen Informationen bzw. durch die Nutzung fehlerhafter und unvollst\u00e4ndiger Informationen verursacht wurden sind ausgeschlossen.<\/p><p><!-- \/wp:paragraph --><!-- wp:paragraph --><\/p><p>Einige Links auf dieser Homepage f\u00fchren zu externen Websites. Wir m\u00f6chten ausdr\u00fccklich betonen, dass wir keinerlei Einfluss auf die Gestaltung und die Inhalte der gelinkten Seiten haben. Deshalb distanzieren wir uns hiermit ausdr\u00fccklich von allen Inhalten aller gelinkter Seiten und machen uns diese nicht zu Eigen. Diese Erkl\u00e4rung gilt f\u00fcr alle Verlinkungen innerhalb unserer Seiten. Wir haben keinerlei Einfluss auf die Gestaltung und den Inhalt dieser Seiten. Wir machen uns den Inhalt dieser Seiten nicht zu Eigen. F\u00fcr Inhalte und Sch\u00e4den, die aus der Nutzung oder Nichtnutzung durch Links dargebotener Informationen entstehen, haften allein die Anbieter dieser Seiten, nicht derjenige, der \u00fcber Links auf die jeweilige Ver\u00f6ffentlichung lediglich verweist. Diese Einschr\u00e4nkung gilt gleicherma\u00dfen auch f\u00fcr Fremdeintr\u00e4ge in allen interaktiven Elementen dieses Internetauftritts. F\u00fcr den Inhalt fremder Seiten ist ausschlie\u00dflich der betreffende Autor selbst verantwortlich.<\/p><p><!-- \/wp:paragraph --><!-- wp:paragraph --><\/p><p>Die Links und Informationen dieser Homepage werden nur zum Informationsaustausch bereitgestellt und begr\u00fcnden keine gesch\u00e4ftlichen oder beruflichen Beziehungen irgendwelcher Art. Sie sind nicht als Rechts- oder Steuerberatungsleistungen zu verstehen, sondern dienen rein informativen Zwecken. Vor gesch\u00e4ftlichen Entscheidungen setzen Sie sich bitte mit ihrem Steuerberater oder Rechtsanwalt in Verbindung.<\/p><p><!-- \/wp:paragraph --><!-- wp:paragraph --><\/p><p><strong>Netzwerk<\/strong><br \/>Alle Portale auf Basis des PortUNA.cms sind untereinander vernetzt. Daher werden Informationen auch anderen Portalen thematisch und regional zugeordnet. (Beispiel: Veranstaltungen einer Kommune werden auch auf einem landesweiten Portal dargestellt.) Nutzer, die sich auf diesem Portal anmelden, k\u00f6nnen sich auch auf anderen Portalen des Netzwerkes anmelden.<\/p><p><!-- \/wp:paragraph --><!-- wp:paragraph --><\/p><p><strong>Urheberrecht<\/strong><br \/>Die Rechte am Inhalt dieses Internetauftritts liegen sowohl beim Herausgeber als auch beim Betreiber. Eine Nachnutzung in anderen elektronischen oder gedruckten Publikationen, gleich welcher Art und auch auszugsweise, bedarf der schriftlichen Genehmigung des Herausgebers.<br \/>Alle Rechte am Design und der Technologie dieses Internetauftritts liegen beim Betreiber. Eine Nachnutzung, gleich welcher Art und auch auszugsweise, ist ohne schriftliche Genehmigung des Betreibers untersagt. Zuwiderhandlungen werden zivil- und strafrechtlich verfolgt.<\/p><p><!-- \/wp:paragraph --><!-- wp:paragraph --><\/p><p>Der Herausgeber ist bestrebt, in allen Publikationen die Urheberrechte der verwendeten Grafiken, Sounds und Texte zu beachten, von ihm selbst erstellte Grafiken, Sounds und Texte zu nutzen oder auf lizenzfreie Grafiken, Sounds und Texte zur\u00fcckzugreifen. Sollte sich auf den jeweiligen Seiten dennoch eine ungekennzeichnete, aber durch fremdes Copyright gesch\u00fctzte Grafik, ein Sound oder Text befinden, so konnte das Urheberrecht vom Herausgeber nicht festgestellt werden. Im Falle einer solchen unbeabsichtigten Copyright-Verletzung wird der Herausgeber das entsprechende Objekt nach Benachrichtigung aus seiner Publikation entfernen bzw. mit dem entsprechenden Copyright kenntlich machen.<\/p><p><!-- \/wp:paragraph --><!-- wp:paragraph --><\/p><p>Das Copyright f\u00fcr ver\u00f6ffentlichte, vom Inhaber selbst erstellte Objekte bleibt allein beim Inhaber der Seiten. Eine Vervielf\u00e4ltigung oder Verwendung solcher Grafiken, Sounds oder Texte in anderen elektronischen oder gedruckten Publikationen ist nur mit ausdr\u00fccklicher Zustimmung des Inhabers gestattet. Zuwiderhandlungen werden zivil- und strafrechtlich verfolgt.<\/p><p><!-- \/wp:paragraph --><!-- wp:paragraph --><\/p><p><strong>Rechtswirksamkeit dieses Haftungsausschlusses<\/strong><br \/>Dieser Haftungsausschluss ist als Teil des Internetangebotes zu betrachten, von dem aus auf diese Seite verwiesen wurde. Sofern Teile oder einzelne Formulierungen dieses Textes der geltenden Rechtslage nicht, nicht mehr oder nicht vollst\u00e4ndig entsprechen sollten, bleiben die \u00fcbrigen Teile des Dokumentes in ihrem Inhalt und ihrer G\u00fcltigkeit davon nicht ber\u00fchrt.<\/p><p><!-- \/wp:paragraph --><!-- wp:paragraph --><\/p><p><strong>Wichtige Hinweise zu E-Mails<\/strong><br \/>Dieser Kommunikationsweg (E-Mail) steht ausschlie\u00dflich f\u00fcr Verwaltungsangelegenheiten zur Verf\u00fcgung. Es wird darauf hingewiesen, dass mit diesem Kommunikationsmittel Verfahrensantr\u00e4ge oder Schrifts\u00e4tze nicht rechtswirksam eingereicht werden k\u00f6nnen. Sollte Ihre Nachricht einen entsprechenden Schriftsatz beinhalten, ist eine Wiederholung der \u00dcbermittlung mittels Telefax oder auf dem Postwege unbedingt erforderlich. Da es aus verwaltungsinternen Gr\u00fcnden derzeit nicht m\u00f6glich ist, alle Vorg\u00e4nge, die per E-Mail eingehen, auch auf elektronischem Wege zu beantworten, werden die Nutzer des E-Mail-Zugangs gebeten, neben der E-Mail-Adresse auch ihre Postanschrift anzugeben.<\/p><p><!-- \/wp:paragraph --><\/p>\t\t\t\t\t\t\t\t<\/div>\n\t\t\t\t<\/div>\n\t\t\t\t\t<\/div>\n\t\t\t\t<\/div>\n\t\t\t\t<\/div>\n\t\t","protected":false},"excerpt":{"rendered":"<p>Impressum Herausgeber Gladrow GmbH &amp; Co. KGZ\u00fclowstr. 5b15749 MittenwaldeTelefon: 033764 799 590Telefax: 033764 799 599E-Mail: info@gladrow-online.comKontakt: Per Kontaktformular Gladrow GmbH [&hellip;]<\/p>\n","protected":false},"author":1,"featured_media":0,"parent":0,"menu_order":0,"comment_status":"closed","ping_status":"closed","template":"elementor_header_footer","meta":{"site-sidebar-layout":"default","site-content-layout":"","ast-site-content-layout":"","site-content-style":"default","site-sidebar-style":"default","ast-global-header-display":"","ast-banner-title-visibility":"","ast-main-header-display":"","ast-hfb-above-header-display":"","ast-hfb-below-header-display":"","ast-hfb-mobile-header-display":"","site-post-title":"disabled","ast-breadcrumbs-content":"","ast-featured-img":"","footer-sml-layout":"","ast-disable-related-posts":"","theme-transparent-header-meta":"","adv-header-id-meta":"","stick-header-meta":"","header-above-stick-meta":"","header-main-stick-meta":"","header-below-stick-meta":"","astra-migrate-meta-layouts":"default","ast-page-background-enabled":"default","ast-page-background-meta":{"desktop":{"background-color":"var(--ast-global-color-5)","background-image":"","background-repeat":"repeat","background-position":"center center","background-size":"auto","background-attachment":"scroll","background-type":"","background-media":"","overlay-type":"","overlay-color":"","overlay-opacity":"","overlay-gradient":""},"tablet":{"background-color":"","background-image":"","background-repeat":"repeat","background-position":"center center","background-size":"auto","background-attachment":"scroll","background-type":"","background-media":"","overlay-type":"","overlay-color":"","overlay-opacity":"","overlay-gradient":""},"mobile":{"background-color":"","background-image":"","background-repeat":"repeat","background-position":"center center","background-size":"auto","background-attachment":"scroll","background-type":"","background-media":"","overlay-type":"","overlay-color":"","overlay-opacity":"","overlay-gradient":""}},"ast-content-background-meta":{"desktop":{"background-color":"var(--ast-global-color-4)","background-image":"","background-repeat":"repeat","background-position":"center center","background-size":"auto","background-attachment":"scroll","background-type":"","background-media":"","overlay-type":"","overlay-color":"","overlay-opacity":"","overlay-gradient":""},"tablet":{"background-color":"var(--ast-global-color-4)","background-image":"","background-repeat":"repeat","background-position":"center center","background-size":"auto","background-attachment":"scroll","background-type":"","background-media":"","overlay-type":"","overlay-color":"","overlay-opacity":"","overlay-gradient":""},"mobile":{"background-color":"var(--ast-global-color-4)","background-image":"","background-repeat":"repeat","background-position":"center center","background-size":"auto","background-attachment":"scroll","background-type":"","background-media":"","overlay-type":"","overlay-color":"","overlay-opacity":"","overlay-gradient":""}},"footnotes":""},"class_list":["post-170","page","type-page","status-publish","hentry"],"_links":{"self":[{"href":"https:\/\/www.gladrow-online.com\/index.php?rest_route=\/wp\/v2\/pages\/170","targetHints":{"allow":["GET"]}}],"collection":[{"href":"https:\/\/www.gladrow-online.com\/index.php?rest_route=\/wp\/v2\/pages"}],"about":[{"href":"https:\/\/www.gladrow-online.com\/index.php?rest_route=\/wp\/v2\/types\/page"}],"author":[{"embeddable":true,"href":"https:\/\/www.gladrow-online.com\/index.php?rest_route=\/wp\/v2\/users\/1"}],"replies":[{"embeddable":true,"href":"https:\/\/www.gladrow-online.com\/index.php?rest_route=%2Fwp%2Fv2%2Fcomments&post=170"}],"version-history":[{"count":32,"href":"https:\/\/www.gladrow-online.com\/index.php?rest_route=\/wp\/v2\/pages\/170\/revisions"}],"predecessor-version":[{"id":838,"href":"https:\/\/www.gladrow-online.com\/index.php?rest_route=\/wp\/v2\/pages\/170\/revisions\/838"}],"wp:attachment":[{"href":"https:\/\/www.gladrow-online.com\/index.php?rest_route=%2Fwp%2Fv2%2Fmedia&parent=170"}],"curies":[{"name":"wp","href":"https:\/\/api.w.org\/{rel}","templated":true}]}}