{"id":1010,"date":"2025-12-11T15:20:19","date_gmt":"2025-12-11T14:20:19","guid":{"rendered":"https:\/\/www.gladrow-online.com\/?page_id=1010"},"modified":"2026-03-27T09:43:29","modified_gmt":"2026-03-27T08:43:29","slug":"aktuelles","status":"publish","type":"page","link":"https:\/\/www.gladrow-online.com\/?page_id=1010","title":{"rendered":"Aktuelles"},"content":{"rendered":"\t\t<div data-elementor-type=\"wp-page\" data-elementor-id=\"1010\" class=\"elementor elementor-1010\">\n\t\t\t\t<div class=\"elementor-element elementor-element-87dfe4c e-flex e-con-boxed e-con e-parent\" data-id=\"87dfe4c\" data-element_type=\"container\" data-e-type=\"container\" data-settings=\"{&quot;background_background&quot;:&quot;classic&quot;}\">\n\t\t\t\t\t<div class=\"e-con-inner\">\n\t\t\t\t<div class=\"elementor-element elementor-element-e4bdcd5 elementor-widget elementor-widget-spacer\" data-id=\"e4bdcd5\" data-element_type=\"widget\" data-e-type=\"widget\" data-widget_type=\"spacer.default\">\n\t\t\t\t<div class=\"elementor-widget-container\">\n\t\t\t\t\t\t\t<div class=\"elementor-spacer\">\n\t\t\t<div class=\"elementor-spacer-inner\"><\/div>\n\t\t<\/div>\n\t\t\t\t\t\t<\/div>\n\t\t\t\t<\/div>\n\t\t\t\t<div class=\"elementor-element elementor-element-feaff7d elementor-widget elementor-widget-heading\" data-id=\"feaff7d\" data-element_type=\"widget\" data-e-type=\"widget\" data-widget_type=\"heading.default\">\n\t\t\t\t<div class=\"elementor-widget-container\">\n\t\t\t\t\t<h2 class=\"elementor-heading-title elementor-size-default\">Immer up to date...<\/h2>\t\t\t\t<\/div>\n\t\t\t\t<\/div>\n\t\t\t\t<div class=\"elementor-element elementor-element-9a3dd6f elementor-widget-divider--view-line elementor-widget elementor-widget-divider\" data-id=\"9a3dd6f\" data-element_type=\"widget\" data-e-type=\"widget\" data-widget_type=\"divider.default\">\n\t\t\t\t<div class=\"elementor-widget-container\">\n\t\t\t\t\t\t\t<div class=\"elementor-divider\">\n\t\t\t<span class=\"elementor-divider-separator\">\n\t\t\t\t\t\t<\/span>\n\t\t<\/div>\n\t\t\t\t\t\t<\/div>\n\t\t\t\t<\/div>\n\t\t\t\t<div class=\"elementor-element elementor-element-ae3aeef elementor-widget elementor-widget-spacer\" data-id=\"ae3aeef\" data-element_type=\"widget\" data-e-type=\"widget\" data-widget_type=\"spacer.default\">\n\t\t\t\t<div class=\"elementor-widget-container\">\n\t\t\t\t\t\t\t<div class=\"elementor-spacer\">\n\t\t\t<div class=\"elementor-spacer-inner\"><\/div>\n\t\t<\/div>\n\t\t\t\t\t\t<\/div>\n\t\t\t\t<\/div>\n\t\t\t\t<div class=\"elementor-element elementor-element-179fab0 elementor-widget elementor-widget-ucaddon_card_carousel\" data-id=\"179fab0\" data-element_type=\"widget\" data-e-type=\"widget\" data-settings=\"{&quot;_animation&quot;:&quot;none&quot;}\" data-widget_type=\"ucaddon_card_carousel.default\">\n\t\t\t\t<div class=\"elementor-widget-container\">\n\t\t\t\t\t\n<!-- start Card Carousel -->\n\t\t<link id='font-awesome-css' href='https:\/\/www.gladrow-online.com\/wp-content\/plugins\/unlimited-elements-for-elementor\/assets_libraries\/font-awesome6\/fontawesome-all.min.css' type='text\/css' rel='stylesheet' >\n\t\t<link id='font-awesome-4-shim-css' href='https:\/\/www.gladrow-online.com\/wp-content\/plugins\/unlimited-elements-for-elementor\/assets_libraries\/font-awesome6\/fontawesome-v4-shims.min.css' type='text\/css' rel='stylesheet' >\n\t\t<link id='owl-carousel-css' href='https:\/\/www.gladrow-online.com\/wp-content\/plugins\/unlimited-elements-for-elementor\/assets_libraries\/owl-carousel-new\/assets\/owl.carousel.css' type='text\/css' rel='stylesheet' >\n\t\t<link id='uc_ac_assets_file_animate_css_77907-css' href='https:\/\/www.gladrow-online.com\/wp-content\/uploads\/ac_assets\/uc_classic_carousel\/animate.css' type='text\/css' rel='stylesheet' >\n\n<style>\/* widget: Card Carousel *\/\n\n#uc_card_carousel_elementor_179fab0-wrapper{\n  min-height:1px;\n}\n\n#uc_card_carousel_elementor_179fab0 *{\n\t-webkit-box-sizing: border-box;\n\t-moz-box-sizing: border-box;\n\tbox-sizing: border-box;\n}\n\n#uc_card_carousel_elementor_179fab0 .ue-carousel-item{\n  overflow:hidden;\n  transition:0.3s;\n}\n\n#uc_card_carousel_elementor_179fab0 .uc_classic_carousel_container_holder{\n\tdisplay:block;\n\tposition:relative;\n\twidth:100%;\n    box-sizing: border-box;\n}\n#uc_card_carousel_elementor_179fab0 .uc_classic_carousel_placeholder{\n   position:relative;\n}\n\n\n#uc_card_carousel_elementor_179fab0 .uc_classic_carousel_placeholder img, #uc_card_carousel_elementor_179fab0 .ue_card_carousel_image_overlay{\n  transition: all 300ms;\n}\n\n.card_carousel_title{\n\tfont-size:21px;\n}\n\n.uc_classic_carousel .uc_classic_carousel_border{\n\tdisplay:block;\n    margin:0 auto;\n}\n\n.uc_classic_carousel  .uc_classic_carousel_placeholder img{\n\twidth:100%;    \n    display:block;\n}\n\n.uc_classic_carousel .uc_classic_carousel_content{\n  display: flex;\n  flex-flow: column nowrap;\n}\n\n.uc_classic_carousel .ue_button{\n  margin-top:auto;\n}\n\n.uc_classic_carousel .uc_classic_carousel_content .uc_more_btn {\n\tdisplay:inline-block;\n\ttext-decoration:none;\n\ttransition: all 0.5s ease;\n}\n\n#uc_card_carousel_elementor_179fab0 .owl-dots {\n  overflow:hidden;\n  text-align:center;\n}\n\n#uc_card_carousel_elementor_179fab0 .owl-dot {\n  border-radius:50%;\n  display:inline-block;\n}\n\n#uc_card_carousel_elementor_179fab0 .owl-nav .owl-prev,\n#uc_card_carousel_elementor_179fab0 .owl-nav .owl-next{\n    position:absolute;\n    display:flex;\n  \tjustify-content: center;\n  \talign-items: center;\n    text-align:center;\n}\n\n#uc_card_carousel_elementor_179fab0 .owl-nav .disabled{\n    display: none;  \n}\n\n\n#uc_card_carousel_elementor_179fab0 .ue-item-icon{\n  line-height:1em;\n  display:inline-flex;\n  justify-content:center;\n  align-items:center;  \n}\n\n#uc_card_carousel_elementor_179fab0 .ue-item-icon svg{\n  height:1em;\n  width:1em;\n}\n\n#uc_card_carousel_elementor_179fab0 .ue-item-icon-wrapper{\n  display:flex;\n}\n\n#uc_card_carousel_elementor_179fab0 .uc_classic_carousel_container_holder {\n\t max-width: ;\n}\n\n\n\n@media screen and (max-width: 1024px) {\n  #uc_card_carousel_elementor_179fab0 .uc_classic_carousel_container_holder {\n\t max-width: ;\n  }\n}\n\n@media screen and (max-width: 767px) {\n  #uc_card_carousel_elementor_179fab0 .uc_classic_carousel_container_holder {\n    max-width: ;\n  }\n}\n\n<\/style>\n\n<div class=\"uc_classic_carousel\" id=\"uc_card_carousel_elementor_179fab0-wrapper\">\n        <div class=\"uc_carousel owl-carousel uc-items-wrapper  \" id=\"uc_card_carousel_elementor_179fab0\"  >\n          \t\n\n\n<div id=\"uc_card_carousel_elementor_179fab0_item1\" class=\"uc_classic_carousel_container_holder ue-item elementor-repeater-item-5d2b77b\" data-hide-item=\"false\">  \n  <div class=\"ue-carousel-item\">\n    \n    <span class=\"uc_classic_carousel_border\" style=\"\"><\/span>    \n    \n          <div class=\"uc_classic_carousel_placeholder\">\n                  <img fetchpriority=\"high\" decoding=\"async\" src=\"https:\/\/www.gladrow-online.com\/wp-content\/uploads\/2026\/03\/d0b7cf33-9923-4adf-a455-63577987491d-e1774440051684-768x749.png\"  src=\"https:\/\/www.gladrow-online.com\/wp-content\/uploads\/2026\/03\/d0b7cf33-9923-4adf-a455-63577987491d-e1774440051684-768x749.png\" alt=\"d0b7cf33-9923-4adf-a455-63577987491d\" width=\"768\" height=\"749\">\n                      <\/div>\n    \n    <div class=\"uc_classic_carousel_content\" style=\"direction:ltr;\">    \n\n      \n          <div  class=\"card_carousel_title\">Allgemeine Informationen<\/div>\n        <div class=\"card_carousel_text\">Unten finden Sie (mit einem Klick auf den Button) die aktuellsten Informationen, die wir \u00fcbrigens auch immer per Newsletter verschicken. Haben Sie Interesse daran, regelm\u00e4\u00dfig und automatisch informiert zu werden? Lassen Sie es es uns wissen!<\/div>      \t\n\n              <div class=\"ue_button\">\n          <a class=\"uc_more_btn \" href=\"https:\/\/www.gladrow-online.com\/wp-content\/uploads\/2026\/03\/Belieferung-Ostern-2026.pdf\" title=\"Kundeninformation Belieferung Ostern\"  target='_blank' rel='nofollow'>Kundeninformation Belieferung Ostern<\/a>\n      \t<\/div>   \n      \t\n      \n    <\/div>\n    \n  <\/div>\n<\/div>\n\n\n\n<div id=\"uc_card_carousel_elementor_179fab0_item2\" class=\"uc_classic_carousel_container_holder ue-item elementor-repeater-item-491ee08\" data-hide-item=\"false\">  \n  <div class=\"ue-carousel-item\">\n    \n    <span class=\"uc_classic_carousel_border\" style=\"\"><\/span>    \n    \n          <div class=\"uc_classic_carousel_placeholder\">\n                  <img decoding=\"async\" src=\"https:\/\/www.gladrow-online.com\/wp-content\/uploads\/2026\/03\/bc9bfe12-1dbf-4ea4-b598-3dfd151bf769-1-768x445.jpeg\"  src=\"https:\/\/www.gladrow-online.com\/wp-content\/uploads\/2026\/03\/bc9bfe12-1dbf-4ea4-b598-3dfd151bf769-1-768x445.jpeg\" alt=\"bc9bfe12-1dbf-4ea4-b598-3dfd151bf769\" width=\"768\" height=\"445\">\n                      <\/div>\n    \n    <div class=\"uc_classic_carousel_content\" style=\"direction:ltr;\">    \n\n      \n          <div  class=\"card_carousel_title\">Neuigkeiten<\/div>\n        <div class=\"card_carousel_text\">Immer auf dem neuesten Stand -> schaut auf unserer Instagram-Seite vorbei und verpasst keine News!\nUnser neuester Post dreht sich um unsere Weihnachtsfeier im M\u00e4rz auf der Spree!<\/div>      \t\n\n              <div class=\"ue_button\">\n          <a class=\"uc_more_btn \" href=\"https:\/\/www.instagram.com\/gladrow_gmbh\/\" title=\"Hier geht&#039;s zum Profil\"  target='_blank'>Hier geht's zum Profil<\/a>\n      \t<\/div>   \n      \t\n      \n    <\/div>\n    \n  <\/div>\n<\/div>\n\n\n\n<div id=\"uc_card_carousel_elementor_179fab0_item3\" class=\"uc_classic_carousel_container_holder ue-item elementor-repeater-item-84cc9f1\" data-hide-item=\"false\">  \n  <div class=\"ue-carousel-item\">\n    \n    <span class=\"uc_classic_carousel_border\" style=\"\"><\/span>    \n    \n          <div class=\"uc_classic_carousel_placeholder\">\n                  <img decoding=\"async\" src=\"https:\/\/www.gladrow-online.com\/wp-content\/uploads\/2026\/03\/riesen-tomate-querfeld-e1774440262474.jpg\"  src=\"https:\/\/www.gladrow-online.com\/wp-content\/uploads\/2026\/03\/riesen-tomate-querfeld-e1774440262474.jpg\" alt=\"riesen tomate querfeld\" width=\"609\" height=\"922\">\n                      <\/div>\n    \n    <div class=\"uc_classic_carousel_content\" style=\"direction:ltr;\">    \n\n      \n          <div  class=\"card_carousel_title\">Angebote<\/div>\n        <div class=\"card_carousel_text\">Spezielle Angebote findet ihr ab sofort hier. \nSchaut auch in unserem Shop vorbei, wo wir jede Woche alles Aktuelle online stellen. \n\nEgal ob Obst & Gem\u00fcseangebote, Sortimentserweiterungen oder MHD-Restposten. \n\n<\/div>      \t\n\n              <div class=\"ue_button\">\n          <a class=\"uc_more_btn \" href=\"https:\/\/www.gladrow-online.com\/wp-content\/uploads\/2026\/03\/Querfeld-Angebot-KW15.pdf\" title=\"Querfeld Angebot w\u00f6chentlich neu\"  target='_blank' rel='nofollow'>Querfeld Angebot w\u00f6chentlich neu<\/a>\n      \t<\/div>   \n      \t\n      \n    <\/div>\n    \n  <\/div>\n<\/div>\n\n      <\/div>\n<\/div>\n<!-- end Card Carousel -->\t\t\t\t<\/div>\n\t\t\t\t<\/div>\n\t\t\t\t<div class=\"elementor-element elementor-element-60e31b5 elementor-widget elementor-widget-spacer\" data-id=\"60e31b5\" data-element_type=\"widget\" data-e-type=\"widget\" data-widget_type=\"spacer.default\">\n\t\t\t\t<div class=\"elementor-widget-container\">\n\t\t\t\t\t\t\t<div class=\"elementor-spacer\">\n\t\t\t<div class=\"elementor-spacer-inner\"><\/div>\n\t\t<\/div>\n\t\t\t\t\t\t<\/div>\n\t\t\t\t<\/div>\n\t\t\t\t<div class=\"elementor-element elementor-element-0848499 elementor-widget elementor-widget-spacer\" data-id=\"0848499\" data-element_type=\"widget\" data-e-type=\"widget\" data-widget_type=\"spacer.default\">\n\t\t\t\t<div class=\"elementor-widget-container\">\n\t\t\t\t\t\t\t<div class=\"elementor-spacer\">\n\t\t\t<div class=\"elementor-spacer-inner\"><\/div>\n\t\t<\/div>\n\t\t\t\t\t\t<\/div>\n\t\t\t\t<\/div>\n\t\t\t\t<div class=\"elementor-element elementor-element-cc04c18 elementor-widget elementor-widget-spacer\" data-id=\"cc04c18\" data-element_type=\"widget\" data-e-type=\"widget\" data-widget_type=\"spacer.default\">\n\t\t\t\t<div class=\"elementor-widget-container\">\n\t\t\t\t\t\t\t<div class=\"elementor-spacer\">\n\t\t\t<div class=\"elementor-spacer-inner\"><\/div>\n\t\t<\/div>\n\t\t\t\t\t\t<\/div>\n\t\t\t\t<\/div>\n\t\t\t\t<div class=\"elementor-element elementor-element-ed122f1 elementor-widget__width-inherit elementor-absolute elementor-widget elementor-widget-ucaddon_logo_grid\" data-id=\"ed122f1\" data-element_type=\"widget\" data-e-type=\"widget\" data-settings=\"{&quot;_position&quot;:&quot;absolute&quot;}\" data-widget_type=\"ucaddon_logo_grid.default\">\n\t\t\t\t<div class=\"elementor-widget-container\">\n\t\t\t\t\t\n<!-- start Logo Grid -->\n<style>\/* widget: Logo Grid *\/\n\n#uc_logo_grid_elementor_ed122f1 {\n  display: grid;\n}\n#uc_logo_grid_elementor_ed122f1 .ue-logo-title\n{\n  width:100%;\n  position:absolute;\n  bottom:0;\n  text-align:center;\n  left:0;\n}\n\n#uc_logo_grid_elementor_ed122f1 div.logo-grid-item\n{\ntext-align:center;\ndisplay:flex;\nflex-direction:column;\njustify-content:center;\nalign-items:center;\noverflow:hidden;\n  position:relative;\n  transition:0.3s;\n\n}\n\n#uc_logo_grid_elementor_ed122f1 div.logo-grid-item img\n{\nwidth:100%;\n  object-fit: contain;\n  display:block;\n  mix-blend-mode: normal;\n  position:absolute;\n  top:0;\n  left:0;\n  right:0;\n  bottom:0;\n  height:100%;\n  transition:0.3s;\n}\n\n\n\n#uc_logo_grid_elementor_ed122f1 a\n{\n  display:block;\n  position:absolute;\n  top:0;\n  left:0;\n  right:0;\n  bottom:0;\n  cursor:pointer;\n  display:flex;\njustify-content:center;\nalign-items:center;\n}\n\n<\/style>\n\n<div id=\"uc_logo_grid_elementor_ed122f1\" class=\"ue-logo-grid uc-items-wrapper \" >\n\t\t   <div class=\"logo-grid-item \" >\n   \n\t<a href=\"https:\/\/www.gladrow-online.com\/wp-content\/uploads\/2025\/12\/Bio-Zertifikat-2025.pdf\" > \n\t\n  \n    <img loading=\"lazy\" decoding=\"async\" src=\"https:\/\/www.gladrow-online.com\/wp-content\/uploads\/2025\/11\/eu-organic-logo-600x400_0.png\" title=\"Logo\"  src=\"https:\/\/www.gladrow-online.com\/wp-content\/uploads\/2025\/11\/eu-organic-logo-600x400_0.png\" alt=\"eu-organic-logo-600x400_0\" width=\"538\" height=\"359\">\n      \t\n      \n  <\/a>\n  \t\n<\/div>\n<div class=\"logo-grid-item \" >\n   \n\t<a href=\"http:\/\/gladrow-online.com\/wp-content\/uploads\/2025\/01\/CO2Siegel.pdf\"  target='_blank'> \n\t\n  \n    <img loading=\"lazy\" decoding=\"async\" src=\"https:\/\/www.gladrow-online.com\/wp-content\/uploads\/2025\/01\/CO2-Siegel.png\" title=\"CO2-Siegel\"  src=\"https:\/\/www.gladrow-online.com\/wp-content\/uploads\/2025\/01\/CO2-Siegel.png\" alt=\"CO2-Siegel f\u00fcr umweltfreundliche Versorgung mit wirkaufenihrenabfall.de\" width=\"264\" height=\"144\">\n      \t\n      \n  <\/a>\n  \t\n<\/div>\n<div class=\"logo-grid-item \" >\n   \n\t<a href=\"https:\/\/www.gladrow-online.com\/wp-content\/uploads\/2025\/12\/ZERTIFIKAT-GLADROW-2026.pdf\"  target='_blank'> \n\t\n  \n    <img loading=\"lazy\" decoding=\"async\" src=\"https:\/\/www.gladrow-online.com\/wp-content\/uploads\/2025\/11\/Medaille-2026-Rating-for-SUSTAINABILITY.png\" title=\"Logo\"  src=\"https:\/\/www.gladrow-online.com\/wp-content\/uploads\/2025\/11\/Medaille-2026-Rating-for-SUSTAINABILITY.png\" alt=\"Medaille 2026 Rating for SUSTAINABILITY\" width=\"1696\" height=\"1695\">\n      \t\n      \n  <\/a>\n  \t\n<\/div>\n<div class=\"logo-grid-item \" >\n   \n\t<a href=\"https:\/\/www.gladrow-online.com\/wp-content\/uploads\/2025\/12\/QS-Zertifikate-bis-11-26.pdf\"  target='_blank'> \n\t\n  \n    <img loading=\"lazy\" decoding=\"async\" src=\"https:\/\/www.gladrow-online.com\/wp-content\/uploads\/2025\/10\/QS-Logo-Blau-mit-Verlauf-URL-transp-DE.png\" title=\"Logo\"  src=\"https:\/\/www.gladrow-online.com\/wp-content\/uploads\/2025\/10\/QS-Logo-Blau-mit-Verlauf-URL-transp-DE.png\" alt=\"QS-Logo-Blau-mit-Verlauf-URL-transp-DE\" width=\"417\" height=\"543\">\n      \t\n      \n  <\/a>\n  \t\n<\/div>\n\n    <\/div>\n<!-- end Logo Grid -->\t\t\t\t<\/div>\n\t\t\t\t<\/div>\n\t\t\t\t\t<\/div>\n\t\t\t\t<\/div>\n\t\t\t\t<\/div>\n\t\t","protected":false},"excerpt":{"rendered":"<p>Immer up to date&#8230; Allgemeine Informationen Unten finden Sie (mit einem Klick auf den Button) die aktuellsten Informationen, die wir [&hellip;]<\/p>\n","protected":false},"author":1,"featured_media":0,"parent":0,"menu_order":0,"comment_status":"closed","ping_status":"closed","template":"elementor_header_footer","meta":{"site-sidebar-layout":"no-sidebar","site-content-layout":"","ast-site-content-layout":"full-width-container","site-content-style":"default","site-sidebar-style":"default","ast-global-header-display":"","ast-banner-title-visibility":"","ast-main-header-display":"","ast-hfb-above-header-display":"","ast-hfb-below-header-display":"","ast-hfb-mobile-header-display":"","site-post-title":"disabled","ast-breadcrumbs-content":"","ast-featured-img":"disabled","footer-sml-layout":"","ast-disable-related-posts":"","theme-transparent-header-meta":"","adv-header-id-meta":"","stick-header-meta":"","header-above-stick-meta":"","header-main-stick-meta":"","header-below-stick-meta":"","astra-migrate-meta-layouts":"default","ast-page-background-enabled":"default","ast-page-background-meta":{"desktop":{"background-color":"var(--ast-global-color-5)","background-image":"","background-repeat":"repeat","background-position":"center center","background-size":"auto","background-attachment":"scroll","background-type":"","background-media":"","overlay-type":"","overlay-color":"","overlay-opacity":"","overlay-gradient":""},"tablet":{"background-color":"","background-image":"","background-repeat":"repeat","background-position":"center center","background-size":"auto","background-attachment":"scroll","background-type":"","background-media":"","overlay-type":"","overlay-color":"","overlay-opacity":"","overlay-gradient":""},"mobile":{"background-color":"","background-image":"","background-repeat":"repeat","background-position":"center center","background-size":"auto","background-attachment":"scroll","background-type":"","background-media":"","overlay-type":"","overlay-color":"","overlay-opacity":"","overlay-gradient":""}},"ast-content-background-meta":{"desktop":{"background-color":"var(--ast-global-color-4)","background-image":"","background-repeat":"repeat","background-position":"center center","background-size":"auto","background-attachment":"scroll","background-type":"","background-media":"","overlay-type":"","overlay-color":"","overlay-opacity":"","overlay-gradient":""},"tablet":{"background-color":"var(--ast-global-color-4)","background-image":"","background-repeat":"repeat","background-position":"center center","background-size":"auto","background-attachment":"scroll","background-type":"","background-media":"","overlay-type":"","overlay-color":"","overlay-opacity":"","overlay-gradient":""},"mobile":{"background-color":"var(--ast-global-color-4)","background-image":"","background-repeat":"repeat","background-position":"center center","background-size":"auto","background-attachment":"scroll","background-type":"","background-media":"","overlay-type":"","overlay-color":"","overlay-opacity":"","overlay-gradient":""}},"footnotes":""},"class_list":["post-1010","page","type-page","status-publish","hentry"],"_links":{"self":[{"href":"https:\/\/www.gladrow-online.com\/index.php?rest_route=\/wp\/v2\/pages\/1010","targetHints":{"allow":["GET"]}}],"collection":[{"href":"https:\/\/www.gladrow-online.com\/index.php?rest_route=\/wp\/v2\/pages"}],"about":[{"href":"https:\/\/www.gladrow-online.com\/index.php?rest_route=\/wp\/v2\/types\/page"}],"author":[{"embeddable":true,"href":"https:\/\/www.gladrow-online.com\/index.php?rest_route=\/wp\/v2\/users\/1"}],"replies":[{"embeddable":true,"href":"https:\/\/www.gladrow-online.com\/index.php?rest_route=%2Fwp%2Fv2%2Fcomments&post=1010"}],"version-history":[{"count":43,"href":"https:\/\/www.gladrow-online.com\/index.php?rest_route=\/wp\/v2\/pages\/1010\/revisions"}],"predecessor-version":[{"id":1140,"href":"https:\/\/www.gladrow-online.com\/index.php?rest_route=\/wp\/v2\/pages\/1010\/revisions\/1140"}],"wp:attachment":[{"href":"https:\/\/www.gladrow-online.com\/index.php?rest_route=%2Fwp%2Fv2%2Fmedia&parent=1010"}],"curies":[{"name":"wp","href":"https:\/\/api.w.org\/{rel}","templated":true}]}}